{"id":350,"date":"2021-12-07T09:17:15","date_gmt":"2021-12-07T08:17:15","guid":{"rendered":"https:\/\/klassejuditheisler.uni-ak.ac.at\/?page_id=350"},"modified":"2022-01-10T15:43:43","modified_gmt":"2022-01-10T14:43:43","slug":"","status":"publish","type":"page","link":"https:\/\/klassejuditheisler.uni-ak.ac.at\/en\/impressum\/","title":{"rendered":"Site Notice","raw":"Site Notice"},"content":{"rendered":"\n<p><strong>Media owner and publisher<\/strong><br>Department of Painting and Animated Film<br>University of Applied Arts Vienna<br>Oskar-Kokoschka-Platz 2, 1010 Vienna<br><a href=\"mailto:malerei.animationsfilm@uni-ak.ac.at\">malerei.animationsfilm@uni-ak.ac.at<\/a><br>+43 1 71133 &#8211; 4630<\/p>\n\n\n\n<p><strong>Liability<\/strong> <br>All texts on the homepage of the Department of Painting and Animated Film were carefully checked. Nevertheless, it is not possible to make any warranties regarding the accuracy, completeness, and currentness of the information published. The department therefore excludes liability regarding these matters. The links to other websites were carefully selected. The department does not accept liability for the content of these other websites, as it has no control over their content. The respective website provider is exclusively responsible for the content of a linked website.&nbsp;<\/p>\n","protected":false,"raw":"<!-- wp:paragraph -->\n<p><strong>Media owner and publisher<\/strong><br>Department of Painting and Animated Film<br>University of Applied Arts Vienna<br>Oskar-Kokoschka-Platz 2, 1010 Vienna<br><a href=\"mailto:malerei.animationsfilm@uni-ak.ac.at\">malerei.animationsfilm@uni-ak.ac.at<\/a><br>+43 1 71133 - 4630<\/p>\n<!-- \/wp:paragraph -->\n\n<!-- wp:paragraph -->\n<p><strong>Liability<\/strong> <br>All texts on the homepage of the Department of Painting and Animated Film were carefully checked. Nevertheless, it is not possible to make any warranties regarding the accuracy, completeness, and currentness of the information published. The department therefore excludes liability regarding these matters. The links to other websites were carefully selected. The department does not accept liability for the content of these other websites, as it has no control over their content. The respective website provider is exclusively responsible for the content of a linked website.&nbsp;<\/p>\n<!-- \/wp:paragraph -->"},"excerpt":{"rendered":"","protected":false,"raw":""},"author":1,"featured_media":0,"parent":0,"menu_order":0,"comment_status":"closed","ping_status":"closed","template":"","meta":{"_de_post_content":"<!-- wp:paragraph -->\n<p><strong>F\u00fcr den Inhalt verantwortlich:<\/strong><br>Abteilung Malerei und Animationsfilm<br>Universit\u00e4t f\u00fcr angewandte Kunst Wien<br>Oskar-Kokoschka-Platz 2, 1010 Wien<br>malerei.animationsfilm@uni-ak.ac.at<br>+43 1 71133 - 4630<br><br><strong>Haftung<\/strong><br>S\u00e4mtliche Texte auf der Homepage der Abteilung f\u00fcr Malerei und Animationsfilm wurden sorgf\u00e4ltig gepr\u00fcft. Dessen ungeachtet kann keine Garantie f\u00fcr die Richtigkeit, Vollst\u00e4ndigkeit und Aktualit\u00e4t der Angaben \u00fcbernommen werden. Eine Haftung der Abteilung wird daher ausgeschlossen. Die Links zu anderen Webseiten wurden sorgf\u00e4ltig ausgew\u00e4hlt. Da die Abteilung auf deren Inhalt keinen Einfluss hat, \u00fcbernimmt sie daf\u00fcr keine Verantwortung. F\u00fcr den Inhalt der verlinkten Webseiten ist ausschlie\u00dflich der jeweilige Anbieter verantwortlich.<\/p>\n<!-- \/wp:paragraph -->","_de_post_name":"impressum","_de_post_excerpt":"","_de_post_title":"Impressum","_en_post_content":"<!-- wp:paragraph -->\n<p><strong>Media owner and publisher<\/strong><br>Department of Painting and Animated Film<br>University of Applied Arts Vienna<br>Oskar-Kokoschka-Platz 2, 1010 Vienna<br><a href=\"mailto:malerei.animationsfilm@uni-ak.ac.at\">malerei.animationsfilm@uni-ak.ac.at<\/a><br>+43 1 71133 - 4630<\/p>\n<!-- \/wp:paragraph -->\n\n<!-- wp:paragraph -->\n<p><strong>Liability<\/strong> <br>All texts on the homepage of the Department of Painting and Animated Film were carefully checked. Nevertheless, it is not possible to make any warranties regarding the accuracy, completeness, and currentness of the information published. The department therefore excludes liability regarding these matters. The links to other websites were carefully selected. The department does not accept liability for the content of these other websites, as it has no control over their content. The respective website provider is exclusively responsible for the content of a linked website.&nbsp;<\/p>\n<!-- \/wp:paragraph -->","_en_post_name":"","_en_post_excerpt":"","_en_post_title":"Site Notice","edit_language":"en"},"acf":[],"_links":{"self":[{"href":"https:\/\/klassejuditheisler.uni-ak.ac.at\/en\/wp-json\/wp\/v2\/pages\/350"}],"collection":[{"href":"https:\/\/klassejuditheisler.uni-ak.ac.at\/en\/wp-json\/wp\/v2\/pages"}],"about":[{"href":"https:\/\/klassejuditheisler.uni-ak.ac.at\/en\/wp-json\/wp\/v2\/types\/page"}],"author":[{"embeddable":true,"href":"https:\/\/klassejuditheisler.uni-ak.ac.at\/en\/wp-json\/wp\/v2\/users\/1"}],"replies":[{"embeddable":true,"href":"https:\/\/klassejuditheisler.uni-ak.ac.at\/en\/wp-json\/wp\/v2\/comments?post=350"}],"version-history":[{"count":3,"href":"https:\/\/klassejuditheisler.uni-ak.ac.at\/en\/wp-json\/wp\/v2\/pages\/350\/revisions"}],"predecessor-version":[{"id":869,"href":"https:\/\/klassejuditheisler.uni-ak.ac.at\/en\/wp-json\/wp\/v2\/pages\/350\/revisions\/869"}],"wp:attachment":[{"href":"https:\/\/klassejuditheisler.uni-ak.ac.at\/en\/wp-json\/wp\/v2\/media?parent=350"}],"curies":[{"name":"wp","href":"https:\/\/api.w.org\/{rel}","templated":true}]}}