{"id":105,"date":"2021-11-18T20:16:55","date_gmt":"2021-11-18T19:16:55","guid":{"rendered":"https:\/\/klassejuditheisler.uni-ak.ac.at\/?page_id=105"},"modified":"2024-11-13T18:33:07","modified_gmt":"2024-11-13T17:33:07","slug":"","status":"publish","type":"page","link":"https:\/\/klassejuditheisler.uni-ak.ac.at\/en\/studium\/","title":{"rendered":"Studies","raw":"Studies"},"content":{"rendered":"\n<p class=\"is-style-shift-right\"><a href=\"https:\/\/www.dieangewandte.at\/jart\/prj3\/angewandte-2016\/main.jart?rel=en&amp;content-id=1454062384332&amp;reserve-mode=active\">Curriculum<\/a><br><a href=\"https:\/\/klassejuditheisler.uni-ak.ac.at\/en\/entrance-exam\/\">Entrance exam<\/a><br><a href=\"https:\/\/klassejuditheisler.uni-ak.ac.at\/en\/guest-semester\/\">Guest semester<\/a><\/p>\n\n\n\n<p>Students are encouraged to develop their positions and intent, to think critically in the context of contemporary art and theory, to interpret, innovate and experiment within a diverse practice.<\/p>\n\n\n\n<p>Technical and conceptual vocabularies are cultivated through individual and group critiques, lectures, visits to museums, galleries and artist studios.<\/p>\n\n\n\n<p>Painting and animation film are both mediums which express an unfolding of time. Students utilize the formal aspects of painting (texture, colour, line, form) as a basis for exploring both narrative and abstract possibilities in animation film. Students transform single frame animation and storyboards into completed films. The studio offers access to a sound studio, interactive media and analogy and digital techniques<\/p>\n\n\n\n<blockquote class=\"wp-block-quote is-style-default\"><p>To me that\u00b4s still the most basic thing to say about painting. It\u00b4s a limiting condition within which anything goes.<\/p><cite><em>Carroll Dunham<\/em><\/cite><\/blockquote>\n\n\n\n<p class=\"is-style-shift-right\"><span class=\"has-inline-color has-vivid-cyan-blue-color\">Open House:<br>In <strong>autumn 2025<\/strong> students and lecturers will give information and insights on the study programmes and studios of the University of Applied Arts Vienna.<\/span><\/p>\n\n\n\n<figure class=\"wp-block-embed is-type-video is-provider-vimeo wp-block-embed-vimeo wp-embed-aspect-16-9 wp-has-aspect-ratio\"><div class=\"wp-block-embed__wrapper\">\n<div class=\"video-container\"><iframe loading=\"lazy\" title=\"Klassenfilm\" src=\"https:\/\/player.vimeo.com\/video\/402531202?dnt=1&amp;app_id=122963\" width=\"740\" height=\"416\" frameborder=\"0\" allow=\"autoplay; fullscreen; picture-in-picture; clipboard-write\"><\/iframe><\/div>\n<\/div><\/figure>\n","protected":false,"raw":"<!-- wp:paragraph {\"className\":\"is-style-shift-right\"} -->\n<p class=\"is-style-shift-right\"><a href=\"https:\/\/www.dieangewandte.at\/jart\/prj3\/angewandte-2016\/main.jart?rel=en&amp;content-id=1454062384332&amp;reserve-mode=active\">Curriculum<\/a><br><a href=\"https:\/\/klassejuditheisler.uni-ak.ac.at\/en\/entrance-exam\/\">Entrance exam<\/a><br><a href=\"https:\/\/klassejuditheisler.uni-ak.ac.at\/en\/guest-semester\/\">Guest semester<\/a><\/p>\n<!-- \/wp:paragraph -->\n\n<!-- wp:paragraph -->\n<p>Students are encouraged to develop their positions and intent, to think critically in the context of contemporary art and theory, to interpret, innovate and experiment within a diverse practice.<\/p>\n<!-- \/wp:paragraph -->\n\n<!-- wp:paragraph -->\n<p>Technical and conceptual vocabularies are cultivated through individual and group critiques, lectures, visits to museums, galleries and artist studios.<\/p>\n<!-- \/wp:paragraph -->\n\n<!-- wp:paragraph -->\n<p>Painting and animation film are both mediums which express an unfolding of time. Students utilize the formal aspects of painting (texture, colour, line, form) as a basis for exploring both narrative and abstract possibilities in animation film. Students transform single frame animation and storyboards into completed films. The studio offers access to a sound studio, interactive media and analogy and digital techniques<\/p>\n<!-- \/wp:paragraph -->\n\n<!-- wp:quote {\"className\":\"is-style-default\"} -->\n<blockquote class=\"wp-block-quote is-style-default\"><p>To me that\u00b4s still the most basic thing to say about painting. It\u00b4s a limiting condition within which anything goes.<\/p><cite><em>Carroll Dunham<\/em><\/cite><\/blockquote>\n<!-- \/wp:quote -->\n\n<!-- wp:paragraph {\"className\":\"is-style-shift-right\"} -->\n<p class=\"is-style-shift-right\"><span class=\"has-inline-color has-vivid-cyan-blue-color\">Open House:<br>In <strong>autumn 2025<\/strong> students and lecturers will give information and insights on the study programmes and studios of the University of Applied Arts Vienna.<\/span><\/p>\n<!-- \/wp:paragraph -->\n\n<!-- wp:embed {\"url\":\"https:\/\/vimeo.com\/402531202\",\"type\":\"video\",\"providerNameSlug\":\"vimeo\",\"responsive\":true,\"className\":\"wp-embed-aspect-16-9 wp-has-aspect-ratio\"} -->\n<figure class=\"wp-block-embed is-type-video is-provider-vimeo wp-block-embed-vimeo wp-embed-aspect-16-9 wp-has-aspect-ratio\"><div class=\"wp-block-embed__wrapper\">\nhttps:\/\/vimeo.com\/402531202\n<\/div><\/figure>\n<!-- \/wp:embed -->"},"excerpt":{"rendered":"","protected":false,"raw":""},"author":1,"featured_media":0,"parent":0,"menu_order":0,"comment_status":"closed","ping_status":"closed","template":"","meta":{"_de_post_content":"<!-- wp:paragraph {\"className\":\"is-style-shift-right\"} -->\n<p class=\"is-style-shift-right\"><a href=\"https:\/\/www.dieangewandte.at\/bildendekunst\">Studienplan<\/a><br><a href=\"https:\/\/klassejuditheisler.uni-ak.ac.at\/entrance-exam\/\">Zulassungspr\u00fcfung<\/a><br><a href=\"https:\/\/klassejuditheisler.uni-ak.ac.at\/gastsemester\/\">Gastsemester<\/a><\/p>\n<!-- \/wp:paragraph -->\n\n<!-- wp:paragraph {\"className\":\"is-style-default\"} -->\n<p class=\"is-style-default\">Malerei wird in der Klasse Judith Eisler als ein Medium verstanden, das vielf\u00e4ltige zeitgen\u00f6ssische Potentiale hat. Wie jedes andere Medium auch, ist Malerei ihrem Wesen nach nicht autonom, sondern immer eine Vermittlerin, ein go-between. Sie definiert sich \u00fcber Beziehungen zum Anderen, zu anderen Bildkulturen und Systemen.<\/p>\n<!-- \/wp:paragraph -->\n\n<!-- wp:paragraph -->\n<p>Malerei und Animationsfilm sind beides Medien, die eine Entfaltung von Zeit darstellen. Studierende nehmen den formalen Aspekt des Malens (Textur, Farbe, Linie, Form) als Basis, um die unterschiedlichen narrativen und abstrakten M\u00f6glichkeiten im Bereich Animationsfilm zu erkunden.<\/p>\n<!-- \/wp:paragraph -->\n\n<!-- wp:paragraph -->\n<p>Ziel der Studierenden ist es, ihre Arbeiten im Kontext von zeitgen\u00f6ssischer Kunst und Kunsttheorie zu entwickeln, zu reflektieren und zu positionieren. Unter Anwendung verschiedener Techniken und Kommunikationsstrategien liegt der Schwerpunkt auf Innovation und Experiment in der malerischen Praxis. Technische sowie konzeptuelle Ans\u00e4tze werden im Einzelgespr\u00e4ch, sowie in der Gruppe erarbeitet.<br>Projekte wie Ausstellungen, Exkursionen, Gastvortr\u00e4ge, Besuche von Kunstr\u00e4umen und Atelierbesuche finden regelm\u00e4\u00dfig statt.<\/p>\n<!-- \/wp:paragraph -->\n\n<!-- wp:quote -->\n<blockquote class=\"wp-block-quote\"><p>To me that's still the most basic thing to say about paiting.<br>It's a limiting condition within which anything goes.<\/p><cite>Carroll Dunham<\/cite><\/blockquote>\n<!-- \/wp:quote -->\n\n<!-- wp:paragraph {\"align\":\"left\",\"className\":\"is-style-shift-right\"} -->\n<p class=\"has-text-align-left is-style-shift-right\"><span class=\"has-inline-color has-vivid-cyan-blue-color\">Tag der offenen T\u00fcr:<br>Im <strong>Herbst 2025<\/strong> werden Studierende und Lehrende wieder Einblicke in die Ateliers, Werkst\u00e4tten und Lehrveranstaltungen der Universit\u00e4t f\u00fcr angewandte Kunst Wien geben.<\/span><br><a rel=\"noreferrer noopener\" href=\"https:\/\/openhouse.uni-ak.ac.at\/\" target=\"_blank\">https:\/\/openhouse.uni-ak.ac.at\/<\/a><\/p>\n<!-- \/wp:paragraph -->\n\n<!-- wp:paragraph -->\n<p><\/p>\n<!-- \/wp:paragraph -->\n\n<!-- wp:embed {\"url\":\"https:\/\/vimeo.com\/402531202\",\"type\":\"video\",\"providerNameSlug\":\"vimeo\",\"responsive\":true,\"className\":\"wp-embed-aspect-16-9 wp-has-aspect-ratio\"} -->\n<figure class=\"wp-block-embed is-type-video is-provider-vimeo wp-block-embed-vimeo wp-embed-aspect-16-9 wp-has-aspect-ratio\"><div class=\"wp-block-embed__wrapper\">\nhttps:\/\/vimeo.com\/402531202\n<\/div><\/figure>\n<!-- \/wp:embed -->","_de_post_name":"studium","_de_post_excerpt":"","_de_post_title":"Studium","_en_post_content":"<!-- wp:paragraph {\"className\":\"is-style-shift-right\"} -->\n<p class=\"is-style-shift-right\"><a href=\"https:\/\/www.dieangewandte.at\/jart\/prj3\/angewandte-2016\/main.jart?rel=en&amp;content-id=1454062384332&amp;reserve-mode=active\">Curriculum<\/a><br><a href=\"https:\/\/klassejuditheisler.uni-ak.ac.at\/en\/entrance-exam\/\">Entrance exam<\/a><br><a href=\"https:\/\/klassejuditheisler.uni-ak.ac.at\/en\/guest-semester\/\">Guest semester<\/a><\/p>\n<!-- \/wp:paragraph -->\n\n<!-- wp:paragraph -->\n<p>Students are encouraged to develop their positions and intent, to think critically in the context of contemporary art and theory, to interpret, innovate and experiment within a diverse practice.<\/p>\n<!-- \/wp:paragraph -->\n\n<!-- wp:paragraph -->\n<p>Technical and conceptual vocabularies are cultivated through individual and group critiques, lectures, visits to museums, galleries and artist studios.<\/p>\n<!-- \/wp:paragraph -->\n\n<!-- wp:paragraph -->\n<p>Painting and animation film are both mediums which express an unfolding of time. Students utilize the formal aspects of painting (texture, colour, line, form) as a basis for exploring both narrative and abstract possibilities in animation film. Students transform single frame animation and storyboards into completed films. The studio offers access to a sound studio, interactive media and analogy and digital techniques<\/p>\n<!-- \/wp:paragraph -->\n\n<!-- wp:quote {\"className\":\"is-style-default\"} -->\n<blockquote class=\"wp-block-quote is-style-default\"><p>To me that\u00b4s still the most basic thing to say about painting. It\u00b4s a limiting condition within which anything goes.<\/p><cite><em>Carroll Dunham<\/em><\/cite><\/blockquote>\n<!-- \/wp:quote -->\n\n<!-- wp:paragraph {\"className\":\"is-style-shift-right\"} -->\n<p class=\"is-style-shift-right\"><span class=\"has-inline-color has-vivid-cyan-blue-color\">Open House:<br>In <strong>autumn 2025<\/strong> students and lecturers will give information and insights on the study programmes and studios of the University of Applied Arts Vienna.<\/span><\/p>\n<!-- \/wp:paragraph -->\n\n<!-- wp:embed {\"url\":\"https:\/\/vimeo.com\/402531202\",\"type\":\"video\",\"providerNameSlug\":\"vimeo\",\"responsive\":true,\"className\":\"wp-embed-aspect-16-9 wp-has-aspect-ratio\"} -->\n<figure class=\"wp-block-embed is-type-video is-provider-vimeo wp-block-embed-vimeo wp-embed-aspect-16-9 wp-has-aspect-ratio\"><div class=\"wp-block-embed__wrapper\">\nhttps:\/\/vimeo.com\/402531202\n<\/div><\/figure>\n<!-- \/wp:embed -->","_en_post_name":"","_en_post_excerpt":"","_en_post_title":"Studies","edit_language":"en"},"acf":[],"_links":{"self":[{"href":"https:\/\/klassejuditheisler.uni-ak.ac.at\/en\/wp-json\/wp\/v2\/pages\/105"}],"collection":[{"href":"https:\/\/klassejuditheisler.uni-ak.ac.at\/en\/wp-json\/wp\/v2\/pages"}],"about":[{"href":"https:\/\/klassejuditheisler.uni-ak.ac.at\/en\/wp-json\/wp\/v2\/types\/page"}],"author":[{"embeddable":true,"href":"https:\/\/klassejuditheisler.uni-ak.ac.at\/en\/wp-json\/wp\/v2\/users\/1"}],"replies":[{"embeddable":true,"href":"https:\/\/klassejuditheisler.uni-ak.ac.at\/en\/wp-json\/wp\/v2\/comments?post=105"}],"version-history":[{"count":26,"href":"https:\/\/klassejuditheisler.uni-ak.ac.at\/en\/wp-json\/wp\/v2\/pages\/105\/revisions"}],"predecessor-version":[{"id":2079,"href":"https:\/\/klassejuditheisler.uni-ak.ac.at\/en\/wp-json\/wp\/v2\/pages\/105\/revisions\/2079"}],"wp:attachment":[{"href":"https:\/\/klassejuditheisler.uni-ak.ac.at\/en\/wp-json\/wp\/v2\/media?parent=105"}],"curies":[{"name":"wp","href":"https:\/\/api.w.org\/{rel}","templated":true}]}}